{"id":11,"date":"2014-07-18T19:02:28","date_gmt":"2014-07-18T17:02:28","guid":{"rendered":"http:\/\/www.scdonaueschingen.badischer-schachverband.de\/?page_id=11"},"modified":"2021-09-12T16:00:45","modified_gmt":"2021-09-12T15:00:45","slug":"termine","status":"publish","type":"page","link":"https:\/\/scdonaueschingen.badischer-schachverband.de\/?page_id=11","title":{"rendered":"Termine"},"content":{"rendered":"<h1>Goldener Schach-Oktober<\/h1>\n<p>wohl aus Angst vor einer vierten Welle, hat der Schachbezirk Schwarzwald viele Termine in den Oktober gelegt, so dass im Oktober jedes Wochenende etwas gespielt werden kann:<\/p>\n<h2>Termine und Veranstaltungen 2021\/2022<\/h2>\n<p>Per Mouseover werden weitere Informationen zum jeweiligen Termin angezeigt, per Klick gelangen Sie in einem neuen Fenster\/Tab zu einer Seite mit mehr Details.<\/p>\n\r\n<table class=\"spiffy calendar-table bigcal\">\r\n\t<tr class=\"calendar-heading\"><td colspan=\"8\" class=\"calendar-date-switcher\">\r\n\t\t<table class=\"calendar-heading-tbl\">\r\n\t\t<tr>\r\n\t\t\t<td class=\"calendar-prev\"><a rel=\"nofollow\" title=\"Previous month\" class=\"spiffy-calendar-arrow\" onclick=\"sessionStorage.scrollTop = jQuery(window).scrollTop();\" href=\"\/index.php?rest_route=%2Fwp%2Fv2%2Fpages%2F11&#038;grid-list-toggle=grid&#038;month=mar&#038;yr=2026\">&lt;<\/a><\/td>\r\n\r\n\t\t\t<td class=\"calendar-month\">\r\n\t\t\t\t<form method=\"get\" action=\"\/index.php?rest_route=%2Fwp%2Fv2%2Fpages%2F11\"><input type=\"hidden\" name=\"rest_route\" value=\"\/wp\/v2\/pages\/11\" \/>\r\n\t\t\t\t\t<select name=\"month\">\r\n\t\t\t\t\t\t<option value=\"jan\">Januar<\/option>\r\n\t\t\t\t\t\t<option value=\"feb\">Februar<\/option>\r\n\t\t\t\t\t\t<option value=\"mar\">M\u00e4rz<\/option>\r\n\t\t\t\t\t\t<option value=\"apr\" selected=\"selected\">April<\/option>\r\n\t\t\t\t\t\t<option value=\"may\">Mai<\/option>\r\n\t\t\t\t\t\t<option value=\"jun\">Juni<\/option>\r\n\t\t\t\t\t\t<option value=\"jul\">Juli<\/option> \r\n\t\t\t\t\t\t<option value=\"aug\">August<\/option> \r\n\t\t\t\t\t\t<option value=\"sep\">September<\/option> \r\n\t\t\t\t\t\t<option value=\"oct\">Oktober<\/option> \r\n\t\t\t\t\t\t<option value=\"nov\">November<\/option> \r\n\t\t\t\t\t\t<option value=\"dec\">Dezember<\/option> \r\n\t\t\t\t\t<\/select>\r\n\t\t\t\t\t<select name=\"yr\">\r\n\t\t\t\t\t\t<option value=\"2025\" >2025<\/option>\r\n\t\t\t\t\t\t<option value=\"2026\"  selected>2026<\/option>\r\n\t\t\t\t\t\t<option value=\"2027\" >2027<\/option>\r\n\t\t\t\t\t\t<option value=\"2028\" >2028<\/option>\r\n\t\t\t\t\t\t<option value=\"2029\" >2029<\/option>\r\n\t\t\t\t\t\t<option value=\"2030\" >2030<\/option>\r\n\t\t\t\t\t\t<option value=\"2031\" >2031<\/option>\r\n\t\t\t\t\t\t<option value=\"2032\" >2032<\/option>\r\n\t\t\t\t\t\t<option value=\"2033\" >2033<\/option>\r\n\t\t\t\t\t\t<option value=\"2034\" >2034<\/option>\r\n\t\t\t\t\t\t<option value=\"2035\" >2035<\/option>\r\n\t\t\t\t\t\t<option value=\"2036\" >2036<\/option>\r\n\t\t\t\t\t\t<option value=\"2037\" >2037<\/option>\r\n\t\t\t\t\t\t<option value=\"2038\" >2038<\/option>\r\n\t\t\t\t\t\t<option value=\"2039\" >2039<\/option>\r\n\t\t\t\t\t\t<option value=\"2040\" >2040<\/option>\r\n\t\t\t\t\t\t<option value=\"2041\" >2041<\/option>\r\n\t\t\t\t\t\t<option value=\"2042\" >2042<\/option>\r\n\t\t\t\t\t\t<option value=\"2043\" >2043<\/option>\r\n\t\t\t\t\t\t<option value=\"2044\" >2044<\/option>\r\n\t\t\t\t\t\t<option value=\"2045\" >2045<\/option>\r\n\t\t\t\t\t\t<option value=\"2046\" >2046<\/option>\r\n\t\t\t\t\t\t<option value=\"2047\" >2047<\/option>\r\n\t\t\t\t\t\t<option value=\"2048\" >2048<\/option>\r\n\t\t\t\t\t\t<option value=\"2049\" >2049<\/option>\r\n\t\t\t\t\t\t<option value=\"2050\" >2050<\/option>\r\n\t\t\t\t\t\t<option value=\"2051\" >2051<\/option>\r\n\t\t\t\t\t\t<option value=\"2052\" >2052<\/option>\r\n\t\t\t\t\t\t<option value=\"2053\" >2053<\/option>\r\n\t\t\t\t\t\t<option value=\"2054\" >2054<\/option>\r\n\t\t\t\t\t\t<option value=\"2055\" >2055<\/option>\r\n\t\t\t\t\t<\/select>\t\t\r\n\t\t\t\t\t<input type=\"submit\" onclick=\"sessionStorage.scrollTop = jQuery(window).scrollTop();\" value=\"Anzeigen\" \/>\r\n\t\t\t\t<\/form>\r\n\t\t\t<\/td>\r\n\t\t\t<td class=\"calendar-next\"><a rel=\"nofollow\" title=\"Next month\" class=\"spiffy-calendar-arrow\" onclick=\"sessionStorage.scrollTop = jQuery(window).scrollTop();\" href=\"\/index.php?rest_route=%2Fwp%2Fv2%2Fpages%2F11&#038;grid-list-toggle=grid&#038;month=may&#038;yr=2026\">&gt;<\/a><\/td>\r\n\t\t<\/tr>\r\n\t\t<\/table>\r\n\t<\/td><\/tr><tr class=\"weekday-titles\"><td class=\"weekend-heading week-number-heading\">#<\/td><td class=\"normal-day-heading\">Montag<\/td><td class=\"normal-day-heading\">Dienstag<\/td><td class=\"normal-day-heading\">Mittwoch<\/td><td class=\"normal-day-heading\">Donnerstag<\/td><td class=\"normal-day-heading\">Freitag<\/td><td class=\"weekend-heading\">Samstag<\/td><td class=\"weekend-heading\">Sonntag<\/td><\/tr><tr><td class=\"day-without-date week-number\">14<\/td>\t<td class=\"day-without-date\">&nbsp;<\/td>\t<td class=\"day-without-date\">&nbsp;<\/td>\t<td class=\"spiffy-day-1  no-events day-with-date\"><span class=\"day-number\">1<\/span><span class=\"spiffy-event-group\"><\/span><\/td>\t<td class=\"spiffy-day-2  no-events day-with-date\"><span class=\"day-number\">2<\/span><span class=\"spiffy-event-group\"><\/span><\/td>\t<td class=\"spiffy-day-3  no-events day-with-date\"><span class=\"day-number\">3<\/span><span class=\"spiffy-event-group\"><\/span><\/td>\t<td class=\"spiffy-day-4  weekend no-events day-with-date\"><span class=\"day-number weekend\">4<\/span><span class=\"spiffy-event-group\"><\/span><\/td>\t<td class=\"spiffy-day-5  weekend no-events day-with-date\"><span class=\"day-number weekend\">5<\/span><span class=\"spiffy-event-group\"><\/span><\/td><\/tr><tr><td class=\"day-without-date week-number\">15<\/td>\t<td class=\"spiffy-day-6  no-events day-with-date\"><span class=\"day-number\">6<\/span><span class=\"spiffy-event-group\"><\/span><\/td>\t<td class=\"spiffy-day-7  no-events day-with-date\"><span class=\"day-number\">7<\/span><span class=\"spiffy-event-group\"><\/span><\/td>\t<td class=\"spiffy-day-8  no-events day-with-date\"><span class=\"day-number\">8<\/span><span class=\"spiffy-event-group\"><\/span><\/td>\t<td class=\"spiffy-day-9  no-events day-with-date\"><span class=\"day-number\">9<\/span><span class=\"spiffy-event-group\"><\/span><\/td>\t<td class=\"spiffy-day-10  no-events day-with-date\"><span class=\"day-number\">10<\/span><span class=\"spiffy-event-group\"><\/span><\/td>\t<td class=\"spiffy-day-11  weekend no-events day-with-date\"><span class=\"day-number weekend\">11<\/span><span class=\"spiffy-event-group\"><\/span><\/td>\t<td class=\"spiffy-day-12  weekend no-events day-with-date\"><span class=\"day-number weekend\">12<\/span><span class=\"spiffy-event-group\"><\/span><\/td><\/tr><tr><td class=\"day-without-date week-number\">16<\/td>\t<td class=\"spiffy-day-13  no-events day-with-date\"><span class=\"day-number\">13<\/span><span class=\"spiffy-event-group\"><\/span><\/td>\t<td class=\"spiffy-day-14  no-events day-with-date\"><span class=\"day-number\">14<\/span><span class=\"spiffy-event-group\"><\/span><\/td>\t<td class=\"spiffy-day-15  no-events day-with-date\"><span class=\"day-number\">15<\/span><span class=\"spiffy-event-group\"><\/span><\/td>\t<td class=\"spiffy-day-16  no-events day-with-date\"><span class=\"day-number\">16<\/span><span class=\"spiffy-event-group\"><\/span><\/td>\t<td class=\"spiffy-day-17  no-events day-with-date\"><span class=\"day-number\">17<\/span><span class=\"spiffy-event-group\"><\/span><\/td>\t<td class=\"spiffy-day-18  weekend day-with-date\"><span class=\"day-number weekend\">18<\/span><span class=\"spiffy-event-group\"><span class=\"calnk category_1 category-bg spiffy-eventid-95\"><span onclick=\"\" class=\"calnk-link\" style=\"color: #81d742; background:#75470a;\" ><span class=\"calnk-box\"><span class=\"spiffy-title\">Bezirksklasse<\/span><span class=\"spiffy-popup\" style=\"color:#75470a;\" ><span class=\"event-title\" style=\"color:#75470a;\" >Bezirksklasse<\/span><span class=\"event-title-break\"><\/span><\/span><\/span><\/span><\/span>\r\n<\/span><\/td>\t<td class=\"spiffy-day-19  weekend day-with-date\"><span class=\"day-number weekend\">19<\/span><span class=\"spiffy-event-group\"><span class=\"calnk category_5 category-bg spiffy-eventid-104\"><span onclick=\"\" class=\"calnk-link\" style=\"color: #81d742; background:#1e73be;\" ><span class=\"calnk-box\"><span class=\"spiffy-title\">Landesliga Freiburg-Wiehre - Donaueschingen<\/span><span class=\"spiffy-popup\" style=\"color:#1e73be;\" ><span class=\"event-title\" style=\"color:#1e73be;\" >Landesliga Freiburg-Wiehre - Donaueschingen<\/span><span class=\"event-title-break\"><\/span><\/span><\/span><\/span><\/span>\r\n<\/span><\/td><\/tr><tr><td class=\"day-without-date week-number\">17<\/td>\t<td class=\"spiffy-day-20  no-events day-with-date\"><span class=\"day-number\">20<\/span><span class=\"spiffy-event-group\"><\/span><\/td>\t<td class=\"spiffy-day-21  no-events day-with-date\"><span class=\"day-number\">21<\/span><span class=\"spiffy-event-group\"><\/span><\/td>\t<td class=\"spiffy-day-22  no-events day-with-date\"><span class=\"day-number\">22<\/span><span class=\"spiffy-event-group\"><\/span><\/td>\t<td class=\"spiffy-day-23  no-events day-with-date\"><span class=\"day-number\">23<\/span><span class=\"spiffy-event-group\"><\/span><\/td>\t<td class=\"spiffy-day-24  no-events day-with-date\"><span class=\"day-number\">24<\/span><span class=\"spiffy-event-group\"><\/span><\/td>\t<td class=\"spiffy-day-25  weekend no-events day-with-date\"><span class=\"day-number weekend\">25<\/span><span class=\"spiffy-event-group\"><\/span><\/td>\t<td class=\"spiffy-day-26  weekend no-events day-with-date\"><span class=\"day-number weekend\">26<\/span><span class=\"spiffy-event-group\"><\/span><\/td><\/tr><tr><td class=\"day-without-date week-number\">18<\/td>\t<td class=\"spiffy-day-27  no-events day-with-date\"><span class=\"day-number\">27<\/span><span class=\"spiffy-event-group\"><\/span><\/td>\t<td class=\"spiffy-day-28  no-events day-with-date\"><span class=\"day-number\">28<\/span><span class=\"spiffy-event-group\"><\/span><\/td>\t<td class=\"spiffy-day-29 current-day no-events day-with-date\"><span class=\"day-number\">29<\/span><span class=\"spiffy-event-group\"><\/span><\/td>\t<td class=\"spiffy-day-30  no-events day-with-date\"><span class=\"day-number\">30<\/span><span class=\"spiffy-event-group\"><\/span><\/td>\t<td class=\"day-without-date\">&nbsp;<\/td>\t<td class=\"day-without-date weekend\">&nbsp;<\/td>\t<td class=\"day-without-date weekend\">&nbsp;<\/td><\/tr><tr class=\"category-key-row\"><td colspan=\"8\" class=\"category-key\" ><table class=\"spiffy cat-key\"><colgroup>\r\n\t<col style=\"width:10px; height:10px;\">\r\n\t<col>\r\n<\/colgroup>\r\n<tr><td colspan=\"2\" class=\"cat-key-cell\"><strong>Kategorien<\/strong><\/td><\/tr><tr class=\"\" data-category=\"1\"><td style=\"background-color:#75470a; \" class=\"cat-key-cell\"><\/td>\r\n<td class=\"cat-key-cell\" data-category=\"1\">&nbsp;Allgemein<\/td><\/tr><tr class=\"\" data-category=\"2\"><td style=\"background-color:#81d742; \" class=\"cat-key-cell\"><\/td>\r\n<td class=\"cat-key-cell\" data-category=\"2\">&nbsp;Pokalspiel<\/td><\/tr><tr class=\"\" data-category=\"3\"><td style=\"background-color:#000000; \" class=\"cat-key-cell\"><\/td>\r\n<td class=\"cat-key-cell\" data-category=\"3\">&nbsp;Offener Schachclub<\/td><\/tr><tr class=\"\" data-category=\"4\"><td style=\"background-color:#dd9933; \" class=\"cat-key-cell\"><\/td>\r\n<td class=\"cat-key-cell\" data-category=\"4\">&nbsp;Jugendschach<\/td><\/tr><tr class=\"\" data-category=\"5\"><td style=\"background-color:#1e73be; \" class=\"cat-key-cell\"><\/td>\r\n<td class=\"cat-key-cell\" data-category=\"5\">&nbsp;Landesliga S\u00fcd 2<\/td><\/tr><tr class=\"\" data-category=\"6\"><td style=\"background-color:#8224e3; \" class=\"cat-key-cell\"><\/td>\r\n<td class=\"cat-key-cell\" data-category=\"6\">&nbsp;Schwarzwald Bezirksklasse<\/td><\/tr><tr class=\"\" data-category=\"7\"><td style=\"background-color:#40750f; \" class=\"cat-key-cell\"><\/td>\r\n<td class=\"cat-key-cell\" data-category=\"7\">&nbsp;Einzel Events<\/td><\/tr><tr class=\"\" data-category=\"8\"><td style=\"background-color:#24176b; \" class=\"cat-key-cell\"><\/td>\r\n<td class=\"cat-key-cell\" data-category=\"8\">&nbsp;Mannschafts Events<\/td><\/tr><\/table><\/td><\/tr><\/table>\n<h1>Alle Termine fallen mindestens bis zum 19. April 2020 aus.<\/h1>\n<h2>Bis dahin veranstalten wir online Turniere auf lichess.org.<br \/>\nJeder ist herzlich willkommen!<\/h2>\n<h2><a href=\"http:\/\/scdonaueschingen.badischer-schachverband.de\/?p=2998\">So kann man teilnehmen&#8230;<\/a><\/h2>\n<p><!--more--><\/p>\n<p>Hier finden Sie die Daten f\u00fcr regelm\u00e4\u00dfige Veranstaltungen sowie Angaben f\u00fcr die bisher feststehenden Termine f\u00fcr unsere externen Turniere &#8211; gerne zum Daumendr\u00fccken und Mit-Fiebern. Interne\u00a0 <a href=\"http:\/\/scdonaueschingen.badischer-schachverband.de\/?page_id=2308\">(Vereins-)Turniere<\/a> finden zu den Club-Zeiten statt.<\/p>\n<p>Haben Sie einen Veranstaltungshinweis, der bisher nicht gelistet ist? Gerne einfach unten in die Kommentarfunktion schreiben, damit wir ihn gegebenenfalls dann im Kalender aufnehmen k\u00f6nnen.<\/p>\n<h2>Archiv 2019<\/h2>\n<h3>Januar<\/h3>\n<p><strong>06.\u00a0\u00a0\u00a0 offene Stadtmeisterschaft im Schnellschach VS<br \/>\n<\/strong>Spielort:\u00a0\u00a0\u00a0\u00a0\u00a0\u00a0\u00a0\u00a0\u00a0\u00a0\u00a0\u00a0\u00a0\u00a0 78054 VS-Schwenningen, Mozartstr. 12, im 2. Stock<br \/>\nAnmeldung:\u00a0\u00a0\u00a0\u00a0\u00a0\u00a0\u00a0 Sonntag, 06.01.2019 ab 09:30 vor Ort<br \/>\n7 Runden nach Schweizer System 25 Minuten,<br \/>\nab der 4. Runde + 10 Sek. Bonus\/Spieler im Fischer-Modus<br \/>\nStartgeld:\u00a0\u00a0 \u00a0\u00a0\u00a0\u00a0\u00a0\u00a0\u00a0\u00a0\u00a0 Erwachsene: 5 \u20ac, Jugendliche bis Jg. 2000: 2,5 \u20ac<br \/>\n<strong>Titelverteidiger:\u00a0 Klaus Richter, SC Donaueschingen<\/strong><\/p>\n<p><strong>11.\u00a0 Erstes\u00a0Jugendschach nach den Weihnachtsferien<br \/>\n<\/strong><br \/>\n<strong>12. \u201ee1\u201c K\u00f6nigsfeld \u00a0&#8211; DS2\u00a0\u00a0\u00a0\u00a0\u00a0\u00a0 Bezirksklasse<\/strong><br \/>\n<strong>13. Waldshut\u00a0\u00a0&#8211; DS\u00a0\u00a0\u00a0\u00a0\u00a0\u00a0\u00a0\u00a0\u00a0\u00a0\u00a0\u00a0\u00a0\u00a0\u00a0\u00a0\u00a0\u00a0 LL S\u00fcd Staffel 2<br \/>\n26.\u00a0DS2 -Neustadt 2 \u00a0\u00a0\u00a0\u00a0\u00a0\u00a0\u00a0 Bezirksklasse<br \/>\n27. DS -Vllingen\u00a0\u00a0\u00a0\u00a0\u00a0\u00a0\u00a0\u00a0\u00a0\u00a0\u00a0\u00a0\u00a0\u00a0\u00a0\u00a0\u00a0 LL S\u00fcd Staffel 2<\/strong><\/p>\n<h3>Februar<\/h3>\n<p><strong> 16. Br\u00e4unlingen 2\u00a0 &#8211; DS2\u00a0\u00a0\u00a0\u00a0\u00a0\u00a0\u00a0 Bezirksklasse<br \/>\n<\/strong><strong> 17. Me\u00dfkirch &#8211; DS\u00a0\u00a0\u00a0\u00a0\u00a0\u00a0\u00a0\u00a0 \u00a0\u00a0\u00a0\u00a0\u00a0\u00a0\u00a0 LL S\u00fcd Staffel 2<\/strong><\/p>\n<h3>M\u00e4rz<\/h3>\n<p><strong> 09. DS2 &#8211; St.Georgen-Schonach\u00a0\u00a0\u00a0\u00a0\u00a0\u00a0\u00a0 Bezirksklasse<br \/>\n<\/strong><strong> 10. DS &#8211; Pfullendorf\u00a0\u00a0\u00a0\u00a0\u00a0 \u00a0\u00a0\u00a0\u00a0\u00a0\u00a0\u00a0 \u00a0\u00a0\u00a0\u00a0\u00a0\u00a0\u00a0\u00a0\u00a0\u00a0\u00a0\u00a0\u00a0\u00a0\u00a0\u00a0\u00a0\u00a0\u00a0 LL S\u00fcd Staffel 2<br \/>\n<\/strong><strong>17. Bezirksschachtag Allmendshofen<br \/>\n<strong>30. Furtwangen-V\u00f6hrenbach 2 &#8211; DS2 Bezirksklasse<br \/>\n<\/strong><strong> 31. Horben\u00a0\u00a0&#8211; DS\u00a0\u00a0\u00a0\u00a0\u00a0\u00a0\u00a0\u00a0\u00a0\u00a0\u00a0\u00a0\u00a0\u00a0\u00a0\u00a0\u00a0\u00a0\u00a0\u00a0\u00a0\u00a0\u00a0\u00a0\u00a0\u00a0\u00a0\u00a0\u00a0\u00a0\u00a0\u00a0\u00a0\u00a0\u00a0\u00a0\u00a0\u00a0\u00a0\u00a0\u00a0 LL S\u00fcd Staffel 2<br \/>\n<\/strong><\/strong><\/p>\n<h3>Mai<\/h3>\n<ol start=\"4\">\n<li><strong> DS2 &#8211; Vill-Schwenningen 4 Bezirksklasse<\/strong><\/li>\n<li><strong> DS &#8211; Dreil\u00e4ndereck 2 \u00a0\u00a0\u00a0\u00a0\u00a0\u00a0\u00a0 LL S\u00fcd Staffel 2<\/strong><\/li>\n<\/ol>\n<p><em>\u00a0<\/em><\/p>\n","protected":false},"excerpt":{"rendered":"<p>Goldener Schach-Oktober wohl aus Angst vor einer vierten Welle, hat der Schachbezirk Schwarzwald viele Termine in den Oktober gelegt, so dass im Oktober jedes Wochenende etwas gespielt werden kann: Termine und Veranstaltungen 2021\/2022 Per Mouseover werden weitere Informationen zum jeweiligen Termin angezeigt, per Klick gelangen Sie in einem neuen Fenster\/Tab zu einer Seite mit mehr Details. Alle Termine fallen mindestens bis zum 19. April 2020 aus. Bis dahin veranstalten wir online Turniere auf lichess.org. Jeder ist herzlich willkommen! So kann man teilnehmen&#8230;<\/p>\n","protected":false},"author":1,"featured_media":0,"parent":0,"menu_order":1,"comment_status":"open","ping_status":"open","template":"","meta":{"footnotes":""},"acf":[],"_links":{"self":[{"href":"https:\/\/scdonaueschingen.badischer-schachverband.de\/index.php?rest_route=\/wp\/v2\/pages\/11"}],"collection":[{"href":"https:\/\/scdonaueschingen.badischer-schachverband.de\/index.php?rest_route=\/wp\/v2\/pages"}],"about":[{"href":"https:\/\/scdonaueschingen.badischer-schachverband.de\/index.php?rest_route=\/wp\/v2\/types\/page"}],"author":[{"embeddable":true,"href":"https:\/\/scdonaueschingen.badischer-schachverband.de\/index.php?rest_route=\/wp\/v2\/users\/1"}],"replies":[{"embeddable":true,"href":"https:\/\/scdonaueschingen.badischer-schachverband.de\/index.php?rest_route=%2Fwp%2Fv2%2Fcomments&post=11"}],"version-history":[{"count":94,"href":"https:\/\/scdonaueschingen.badischer-schachverband.de\/index.php?rest_route=\/wp\/v2\/pages\/11\/revisions"}],"predecessor-version":[{"id":3188,"href":"https:\/\/scdonaueschingen.badischer-schachverband.de\/index.php?rest_route=\/wp\/v2\/pages\/11\/revisions\/3188"}],"wp:attachment":[{"href":"https:\/\/scdonaueschingen.badischer-schachverband.de\/index.php?rest_route=%2Fwp%2Fv2%2Fmedia&parent=11"}],"curies":[{"name":"wp","href":"https:\/\/api.w.org\/{rel}","templated":true}]}}