{"id":2248,"date":"2019-11-03T22:43:08","date_gmt":"2019-11-03T21:43:08","guid":{"rendered":"http:\/\/scdonaueschingen.badischer-schachverband.de\/?page_id=2248"},"modified":"2019-11-03T22:47:37","modified_gmt":"2019-11-03T21:47:37","slug":"jahresversammlung-2019","status":"publish","type":"page","link":"https:\/\/scdonaueschingen.badischer-schachverband.de\/?page_id=2248","title":{"rendered":"Jahresversammlung 2019 &#8211; Jubil\u00e4umsjahr!"},"content":{"rendered":"<p>Am Sonntag den\u00a0 22.07.2019 hielt der Schachclub Donaueschingen seine Jahresversammlung zum 60 j\u00e4hrigen Bestehen, im Cafe Reiter ab. Der Vorstand berichtete als ersten Punkt \u00fcber die die vielf\u00e4ltigen Aktivit\u00e4ten im 60 Jubil\u00e4umsjahr. Donaueschingen richtete dieses Jahr den Bezirkstag f\u00fcr den Bezirk Schwarzwald aus.<\/p>\n<p><!--more--><\/p>\n<p>Erfreulicherweise\u00a0 gewann der Donaueschinger J\u00f6rg Schlenker, wie auch im Vorjahr den Bezirkspokal\u00a0 und ist damit der Bezirkspokalmeister.<\/p>\n<p>Danach berichteten die Mannschaftsf\u00fchrer der ersten und zweiten Mannschaft. Die erste Mannschaft erreichte in der Landesliga Schwarzwald-Bodensee einen hervorragenden 3 Platz. Die Erfolgreichsten Spieler waren Klaus Richter mit 6,5 Punkten aus 8 Spielen. Er war damit der zweit erfolgreichste Spieler der gesamten Landesliga.<\/p>\n<p>J\u00f6rg Schlenker war wie immer eine zuverl\u00e4ssige Bank und erreichte 5,5 Punkte aus 8 Spielen. Die Saison zeichnete durch Kameradschaft und Kampfeswillen aus. Auch wenn es mal f\u00fcr den einen oder anderen nicht optimal lief wurde dies immer von den anderen Spielern kompensiert. Dies war unter anderen der Schl\u00fcssel zum Erfolg.<\/p>\n<p>Die zweite Mannschaft erreichte in der Bezirksklasse Schwarzwald den 5. Platz aus 9 Mannschaften. Erfolgreichte Spieler waren Edgar Feder mit 3,5 Punkten aus 4 Partien. Dr. Norbert Heni mit 3 Punkten aus 4 Partien. Und das Donaueschinger Urgestein und Gr\u00fcndungsmitglied Georg Bartle 4,5 Punkten aus 7 Partien.<\/p>\n<p>Der SC Donaueschingen nahm an den Bezirksmanschaftspokal 2018\/2019 teil und hat diesen ebenfalls gewonnen. Donaueschingen ist damit der Mannschaft Bezirkspokal Sieger 2018\/2019.<\/p>\n<p>Die Donaust\u00e4dter Schachspieler nahmen an vielen einzel Schachturnieren teil. Allen voran der Vorsitzende J\u00f6rg Schlenker, er gewann wie auch im Vorjahr die Bezirkseinzelmeisterschaft\u00a0 und ist damit Bezirksmeister und Bezirkspokalsieger 2019. J\u00f6rg Schlenker gewann wie auch in den Vorjahren die Villinger-Stadtmeisterschaft,\u00a0 Trossinger-Stadtmeisterschaft, Spaichinger -Stadtmeisterschaft und vieles mehr.<\/p>\n<p>Der Schaclub Donaueschingen kann sich gl\u00fccklich sch\u00e4tzen mit J\u00f6rg Schlenker und Christian Ketterer die beiden spielst\u00e4rksten Schachspieler im Bezirk zu haben.<\/p>\n<p>Als n\u00e4chstes wurden die Sieger der Donaueschinger Schachmeisterschaft geehrt. \u00a0Vereinsmeister wurden Punktgleich J\u00f6rg Schlenker und Christian Ketterer mit 10,5 Punkten aus 11 Partien. Den geteilten 3 ten Platz belegten Klaus Richter und Armin M\u00fcller mit 8 Punkten aus 11 Partien.<\/p>\n<p>Die Jugend-Vereinsmeisterschaft gewannen punktgleich Thithikorn Moonser und Thomas Le. Am kommenden Freitag den 26.07.2019 18:00 in der Stadtm\u00fchle Donaueschingen haben alle Kinder und Jugendlichen die Gelegenheit gegen den Bezirksmeister J\u00f6rg Schlenker zu spielen. Herr Schlenker wird Simultan gegen die Kinder und Jugendlichen spielen. Jeder ist herzlich willkommen.<\/p>\n<p>Am Donaueschinger Herbst-fest 5.10.2019 wird der Schachclub Donaueschingen mit einem Stand pr\u00e4sent sein. Der Stand wird gegen\u00fcber dem Hanselebrunnen sein. Alle haben dort die Gelegenheit eine Schachpartie mit den Spielern des SC Donaueschingen zu spielen.<\/p>\n<p>Als letzter Punkt wurden Ehrungen vorgenommen. Georg Bartle erhielt als Gr\u00fcndungsmitglied die 60 J\u00e4hrige Treuenadel. Herbert Bayer und Roman Tutschka erhielten die 40 J\u00e4hrige Treuenadel f\u00fcr die Mittgliedschaft.<\/p>\n<p>Abschlie\u00dfend wurde die traditionelle Schlachtorte verzehrt. Ein sehr gelungener Abschluss der Saison 2019.<\/p>\n<hr \/>\n<p>Bilder folgen:<\/p>\n<p>Torte Ansicht der Schachtorte<\/p>\n<p>Pokal Pokalmannschaft v.L J\u00f6rg Schlenker , Klaus Richter , Roman Tutschka, Christian Ketterer, Armin M\u00fcller , Ergun Unutmaz<\/p>\n<p>Bilder Verein 01-04 v.L Dr. Norbert Heni, Armin M\u00fcller, J\u00f6rg Schlenker, Edgar Feder hinten , Christian Ketterer, Kalaus Kessler, Georg Bartle, Klaus Richter, Herbert Bayer, Erich Muntz, Roman Tutschka, Alexander Granson, Harald Mayer und Ergun Unutmaz.<\/p>\n<p>&nbsp;<\/p>\n<p>&nbsp;<\/p>\n<p>&nbsp;<\/p>\n","protected":false},"excerpt":{"rendered":"<p>Am Sonntag den\u00a0 22.07.2019 hielt der Schachclub Donaueschingen seine Jahresversammlung zum 60 j\u00e4hrigen Bestehen, im Cafe Reiter ab. Der Vorstand berichtete als ersten Punkt \u00fcber die die vielf\u00e4ltigen Aktivit\u00e4ten im 60 Jubil\u00e4umsjahr. Donaueschingen richtete dieses Jahr den Bezirkstag f\u00fcr den Bezirk Schwarzwald aus.<\/p>\n","protected":false},"author":2,"featured_media":2618,"parent":0,"menu_order":0,"comment_status":"closed","ping_status":"closed","template":"","meta":{"footnotes":""},"acf":[],"_links":{"self":[{"href":"https:\/\/scdonaueschingen.badischer-schachverband.de\/index.php?rest_route=\/wp\/v2\/pages\/2248"}],"collection":[{"href":"https:\/\/scdonaueschingen.badischer-schachverband.de\/index.php?rest_route=\/wp\/v2\/pages"}],"about":[{"href":"https:\/\/scdonaueschingen.badischer-schachverband.de\/index.php?rest_route=\/wp\/v2\/types\/page"}],"author":[{"embeddable":true,"href":"https:\/\/scdonaueschingen.badischer-schachverband.de\/index.php?rest_route=\/wp\/v2\/users\/2"}],"replies":[{"embeddable":true,"href":"https:\/\/scdonaueschingen.badischer-schachverband.de\/index.php?rest_route=%2Fwp%2Fv2%2Fcomments&post=2248"}],"version-history":[{"count":6,"href":"https:\/\/scdonaueschingen.badischer-schachverband.de\/index.php?rest_route=\/wp\/v2\/pages\/2248\/revisions"}],"predecessor-version":[{"id":2816,"href":"https:\/\/scdonaueschingen.badischer-schachverband.de\/index.php?rest_route=\/wp\/v2\/pages\/2248\/revisions\/2816"}],"wp:featuredmedia":[{"embeddable":true,"href":"https:\/\/scdonaueschingen.badischer-schachverband.de\/index.php?rest_route=\/wp\/v2\/media\/2618"}],"wp:attachment":[{"href":"https:\/\/scdonaueschingen.badischer-schachverband.de\/index.php?rest_route=%2Fwp%2Fv2%2Fmedia&parent=2248"}],"curies":[{"name":"wp","href":"https:\/\/api.w.org\/{rel}","templated":true}]}}