{"id":2794,"date":"2019-11-03T15:27:16","date_gmt":"2019-11-03T14:27:16","guid":{"rendered":"http:\/\/scdonaueschingen.badischer-schachverband.de\/?page_id=2794"},"modified":"2019-11-06T19:58:30","modified_gmt":"2019-11-06T18:58:30","slug":"scheine-fuer-vereine-wir-sind-dabei","status":"publish","type":"page","link":"https:\/\/scdonaueschingen.badischer-schachverband.de\/?page_id=2794","title":{"rendered":"&#8222;Scheine f\u00fcr Vereine&#8220; &#8211; wir sind dabei!"},"content":{"rendered":"<p>Zwischen dem 21. Oktober und 15. Dezember 2019 erhalten Kunden bei REWE pro Einkaufswert von 15 Euro je einen &#8222;Vereinsschein&#8220;. Darauf ist eine Nummer enthalten, die man per App oder auf <a href=\"http:\/\/www.rewe.de\/vereine\" target=\"_blank\" rel=\"noopener noreferrer\">www.rewe.de\/vereine<\/a> einl\u00f6sen und einem Sportverein seiner Wahl gutschreiben lassen kann. Der Verein kann dann Pr\u00e4mien einl\u00f6sen. Wir m\u00f6chten dies f\u00fcr unsere Jugendarbeit tun.<\/p>\n<p><!--more--><\/p>\n<p>Deshalb rufen wir dazu auf, Eure &#8222;Vereinsscheine&#8220;, die ihr beim REWE in Donaueschingen erhaltet, unserem Verein zuzuschreiben.<\/p>\n<p><strong>Wir haben auch ein paar Werbeformate erstellt, die gerne geteilt und weiterverbreitet werden k\u00f6nnen:<\/strong><\/p>\n<h2>Video<\/h2>\n<p><iframe loading=\"lazy\" width=\"560\" height=\"315\" src=\"https:\/\/www.youtube.com\/embed\/a6fu71akYJs\" frameborder=\"0\" allow=\"accelerometer; autoplay; encrypted-media; gyroscope; picture-in-picture\" allowfullscreen><\/iframe><\/p>\n<hr \/>\n<h2>Plakat<\/h2>\n<p><a href=\"http:\/\/www.scdonaueschingen.badischer-schachverband.de\/wp-content\/uploads\/2019\/11\/jugendschach-plakat-rewe-donaueschingen.jpg\" target=\"_blank\" rel=\"noopener noreferrer\"><img loading=\"lazy\" decoding=\"async\" class=\"alignnone wp-image-2791 size-medium\" src=\"http:\/\/www.scdonaueschingen.badischer-schachverband.de\/wp-content\/uploads\/2019\/11\/jugendschach-plakat-rewe-donaueschingen-212x300.jpg\" alt=\"\" width=\"212\" height=\"300\" srcset=\"https:\/\/www.scdonaueschingen.badischer-schachverband.de\/wp-content\/uploads\/2019\/11\/jugendschach-plakat-rewe-donaueschingen-212x300.jpg 212w, https:\/\/www.scdonaueschingen.badischer-schachverband.de\/wp-content\/uploads\/2019\/11\/jugendschach-plakat-rewe-donaueschingen-768x1086.jpg 768w, https:\/\/www.scdonaueschingen.badischer-schachverband.de\/wp-content\/uploads\/2019\/11\/jugendschach-plakat-rewe-donaueschingen-724x1024.jpg 724w, https:\/\/www.scdonaueschingen.badischer-schachverband.de\/wp-content\/uploads\/2019\/11\/jugendschach-plakat-rewe-donaueschingen-1140x1612.jpg 1140w\" sizes=\"(max-width: 212px) 100vw, 212px\" \/><\/a><\/p>\n<p>&nbsp;<\/p>\n<hr \/>\n<h2>Wir freuen uns \u00fcber Eure Unterst\u00fctzung<\/h2>\n<p>F\u00fcr Kinder und Jugendliche erheben wir keine Mitgliedsgeb\u00fchr. Jugendschach ist jeden Freitag ab 18 Uhr in der Stadtm\u00fchle Donaueschingen, au\u00dfer an Feiertagen und in den Schulferien.<\/p>\n<p><strong>Und \u00fcbrigens: Ja &#8211; Schach ist Sport!<\/strong><\/p>\n<p>Hier unser Pr\u00e4sentationsvideo ohne REWE-Einbettung.<\/p>\n<div style=\"width: 960px;\" class=\"wp-video\"><!--[if lt IE 9]><script>document.createElement('video');<\/script><![endif]-->\n<video class=\"wp-video-shortcode\" id=\"video-2794-1\" width=\"960\" height=\"540\" preload=\"metadata\" controls=\"controls\"><source type=\"video\/mp4\" src=\"http:\/\/www.scdonaueschingen.badischer-schachverband.de\/wp-content\/uploads\/2019\/11\/Schachclub_Donaueschingen3_1080p.mp4?_=1\" \/><a href=\"http:\/\/www.scdonaueschingen.badischer-schachverband.de\/wp-content\/uploads\/2019\/11\/Schachclub_Donaueschingen3_1080p.mp4\">http:\/\/www.scdonaueschingen.badischer-schachverband.de\/wp-content\/uploads\/2019\/11\/Schachclub_Donaueschingen3_1080p.mp4<\/a><\/video><\/div>\n<p>&nbsp;<\/p>\n<p>&nbsp;<\/p>\n<p>&nbsp;<\/p>\n<p>&nbsp;<\/p>\n<p>&nbsp;<\/p>\n<h2><\/h2>\n<h2><\/h2>\n<p>&nbsp;<\/p>\n","protected":false},"excerpt":{"rendered":"<p>Zwischen dem 21. Oktober und 15. Dezember 2019 erhalten Kunden bei REWE pro Einkaufswert von 15 Euro je einen &#8222;Vereinsschein&#8220;. Darauf ist eine Nummer enthalten, die man per App oder auf www.rewe.de\/vereine einl\u00f6sen und einem Sportverein seiner Wahl gutschreiben lassen kann. Der Verein kann dann Pr\u00e4mien einl\u00f6sen. Wir m\u00f6chten dies f\u00fcr unsere Jugendarbeit tun.<\/p>\n","protected":false},"author":18,"featured_media":2790,"parent":2212,"menu_order":0,"comment_status":"closed","ping_status":"closed","template":"","meta":{"footnotes":""},"acf":[],"_links":{"self":[{"href":"https:\/\/scdonaueschingen.badischer-schachverband.de\/index.php?rest_route=\/wp\/v2\/pages\/2794"}],"collection":[{"href":"https:\/\/scdonaueschingen.badischer-schachverband.de\/index.php?rest_route=\/wp\/v2\/pages"}],"about":[{"href":"https:\/\/scdonaueschingen.badischer-schachverband.de\/index.php?rest_route=\/wp\/v2\/types\/page"}],"author":[{"embeddable":true,"href":"https:\/\/scdonaueschingen.badischer-schachverband.de\/index.php?rest_route=\/wp\/v2\/users\/18"}],"replies":[{"embeddable":true,"href":"https:\/\/scdonaueschingen.badischer-schachverband.de\/index.php?rest_route=%2Fwp%2Fv2%2Fcomments&post=2794"}],"version-history":[{"count":8,"href":"https:\/\/scdonaueschingen.badischer-schachverband.de\/index.php?rest_route=\/wp\/v2\/pages\/2794\/revisions"}],"predecessor-version":[{"id":2858,"href":"https:\/\/scdonaueschingen.badischer-schachverband.de\/index.php?rest_route=\/wp\/v2\/pages\/2794\/revisions\/2858"}],"up":[{"embeddable":true,"href":"https:\/\/scdonaueschingen.badischer-schachverband.de\/index.php?rest_route=\/wp\/v2\/pages\/2212"}],"wp:featuredmedia":[{"embeddable":true,"href":"https:\/\/scdonaueschingen.badischer-schachverband.de\/index.php?rest_route=\/wp\/v2\/media\/2790"}],"wp:attachment":[{"href":"https:\/\/scdonaueschingen.badischer-schachverband.de\/index.php?rest_route=%2Fwp%2Fv2%2Fmedia&parent=2794"}],"curies":[{"name":"wp","href":"https:\/\/api.w.org\/{rel}","templated":true}]}}