{"id":3371,"date":"2022-11-05T15:53:25","date_gmt":"2022-11-05T14:53:25","guid":{"rendered":"http:\/\/scdonaueschingen.badischer-schachverband.de\/?page_id=3371"},"modified":"2022-11-05T15:53:25","modified_gmt":"2022-11-05T14:53:25","slug":"vereinsturnier-2022-2023","status":"publish","type":"page","link":"https:\/\/scdonaueschingen.badischer-schachverband.de\/?page_id=3371","title":{"rendered":"Vereinsturnier 2022\/2023"},"content":{"rendered":"<header class=\"post-header\">\n<h2 class=\"post-title\"><a href=\"http:\/\/scdonaueschingen.badischer-schachverband.de\/?p=3366\">Vereinsturnier 22\/23<\/a><\/h2>\n<div class=\"post-meta clear-fix\"><span class=\"post-date\">23. Oktober 2022<\/span><\/div>\n<\/header>\n<div class=\"post-content\">\n<ul>\n<li>Das kommende Vereinsturnier wird vollrundig gespieltDie Bedenkzeit betr\u00e4gt 90 Minuten\/ 40 Z\u00fcge und 15 Minuten f\u00fcr den Rest der Partie.Die Paarungen k\u00f6nnen\u00a0<strong>Freitag abends oder online \u00fcber lichess<\/strong>\u00a0falls eine Vereinbarung zustande kommt ausgetragen werden.<\/li>\n<li>Beginn im November Anmeldeschluss\u00a0<strong>31.Oktober.<\/strong><\/li>\n<li>Es gibt Preise f\u00fcr die ersten Drei, den besten Senior und den Erfolgreichsten der 2.H\u00e4lfte nach DWZ.<\/li>\n<li>Spieltermine spontan freitags oder nach Vereinbarung<\/li>\n<\/ul>\n<h2>Vereinsturnier Donaueschingen 2022\/2023<\/h2>\n<table id=\"Results\" border=\"1\" width=\"100%\">\n<colgroup>\n<col width=\"7%\" \/>\n<col width=\"21%\" \/>\n<col width=\"7%\" \/>\n<col width=\"7%\" \/>\n<col width=\"7%\" \/>\n<col width=\"7%\" \/>\n<col width=\"7%\" \/>\n<col width=\"7%\" \/>\n<col width=\"14%\" \/>\n<col width=\"14%\" \/><\/colgroup>\n<tbody>\n<tr>\n<th><\/th>\n<th class=\"PlayerColumn\">Spieler<\/th>\n<th>1<\/th>\n<th>2<\/th>\n<th>3<\/th>\n<th>4<\/th>\n<th>5<\/th>\n<th>6<\/th>\n<th>Punkte<\/th>\n<th>Platz<\/th>\n<\/tr>\n<tr>\n<td>1<\/td>\n<td class=\"PlayerColumn\">Kaesmacher, Viola<\/td>\n<td class=\"Diagonal\"><\/td>\n<td><\/td>\n<td><\/td>\n<td><\/td>\n<td><\/td>\n<td><\/td>\n<td><\/td>\n<td><\/td>\n<\/tr>\n<tr>\n<td>2<\/td>\n<td class=\"PlayerColumn\">Feder, Edgar<\/td>\n<td><\/td>\n<td class=\"Diagonal\"><\/td>\n<td><\/td>\n<td><\/td>\n<td><\/td>\n<td><\/td>\n<td><\/td>\n<td><\/td>\n<\/tr>\n<tr>\n<td>3<\/td>\n<td class=\"PlayerColumn\">Richter, Klaus<\/td>\n<td><\/td>\n<td><\/td>\n<td class=\"Diagonal\"><\/td>\n<td><\/td>\n<td><\/td>\n<td><\/td>\n<td><\/td>\n<td><\/td>\n<\/tr>\n<tr>\n<td>4<\/td>\n<td class=\"PlayerColumn\">M\u00fcller, Armin<\/td>\n<td><\/td>\n<td><\/td>\n<td><\/td>\n<td class=\"Diagonal\"><\/td>\n<td><\/td>\n<td><\/td>\n<td><\/td>\n<td><\/td>\n<\/tr>\n<tr>\n<td>5<\/td>\n<td class=\"PlayerColumn\">Schlenker, J\u00f6rg<\/td>\n<td><\/td>\n<td><\/td>\n<td><\/td>\n<td><\/td>\n<td class=\"Diagonal\"><\/td>\n<td><\/td>\n<td><\/td>\n<td><\/td>\n<\/tr>\n<tr>\n<td>6<\/td>\n<td class=\"PlayerColumn\">Spielfrei<\/td>\n<td><\/td>\n<td><\/td>\n<td><\/td>\n<td><\/td>\n<td><\/td>\n<td class=\"Diagonal\"><\/td>\n<td><\/td>\n<td><\/td>\n<\/tr>\n<\/tbody>\n<\/table>\n<p>&nbsp;<\/p>\n<table id=\"Rounds\" width=\"100%\">\n<colgroup>\n<col span=\"2\" width=\"50%\" \/><\/colgroup>\n<tbody>\n<tr>\n<td>\n<table class=\"Pairings\" width=\"100%\">\n<colgroup>\n<col width=\"40%\" \/>\n<col width=\"5%\" \/>\n<col width=\"40%\" \/>\n<col width=\"15%\" \/><\/colgroup>\n<caption>Runde 1<\/caption>\n<tbody>\n<tr>\n<td align=\"left\">Kaesmacher, Viola<\/td>\n<td align=\"center\">\u2013<\/td>\n<td align=\"left\">Spielfrei<\/td>\n<td bgcolor=\"#f0f0f0\"><\/td>\n<\/tr>\n<tr>\n<td align=\"left\">Feder, Edgar<\/td>\n<td align=\"center\">\u2013<\/td>\n<td align=\"left\">Schlenker, J\u00f6rg<\/td>\n<td bgcolor=\"#f0f0f0\"><\/td>\n<\/tr>\n<tr>\n<td align=\"left\">Richter, Klaus<\/td>\n<td align=\"center\">\u2013<\/td>\n<td align=\"left\">M\u00fcller, Armin<\/td>\n<td bgcolor=\"#f0f0f0\"><\/td>\n<\/tr>\n<\/tbody>\n<\/table>\n<\/td>\n<td>\n<table class=\"Pairings\" width=\"100%\">\n<colgroup>\n<col width=\"40%\" \/>\n<col width=\"5%\" \/>\n<col width=\"40%\" \/>\n<col width=\"15%\" \/><\/colgroup>\n<caption>Runde 2<\/caption>\n<tbody>\n<tr>\n<td align=\"left\">Spielfrei<\/td>\n<td align=\"center\">\u2013<\/td>\n<td align=\"left\">M\u00fcller, Armin<\/td>\n<td bgcolor=\"#f0f0f0\"><\/td>\n<\/tr>\n<tr>\n<td align=\"left\">Schlenker, J\u00f6rg<\/td>\n<td align=\"center\">\u2013<\/td>\n<td align=\"left\">Richter, Klaus<\/td>\n<td bgcolor=\"#f0f0f0\"><\/td>\n<\/tr>\n<tr>\n<td align=\"left\">Kaesmacher, Viola<\/td>\n<td align=\"center\">\u2013<\/td>\n<td align=\"left\">Feder, Edgar<\/td>\n<td bgcolor=\"#f0f0f0\"><\/td>\n<\/tr>\n<\/tbody>\n<\/table>\n<\/td>\n<\/tr>\n<tr>\n<td>\n<table class=\"Pairings\" width=\"100%\">\n<colgroup>\n<col width=\"40%\" \/>\n<col width=\"5%\" \/>\n<col width=\"40%\" \/>\n<col width=\"15%\" \/><\/colgroup>\n<caption>Runde 3<\/caption>\n<tbody>\n<tr>\n<td align=\"left\">Feder, Edgar<\/td>\n<td align=\"center\">\u2013<\/td>\n<td align=\"left\">Spielfrei<\/td>\n<td bgcolor=\"#f0f0f0\"><\/td>\n<\/tr>\n<tr>\n<td align=\"left\">Richter, Klaus<\/td>\n<td align=\"center\">\u2013<\/td>\n<td align=\"left\">Kaesmacher, Viola<\/td>\n<td bgcolor=\"#f0f0f0\"><\/td>\n<\/tr>\n<tr>\n<td align=\"left\">M\u00fcller, Armin<\/td>\n<td align=\"center\">\u2013<\/td>\n<td align=\"left\">Schlenker, J\u00f6rg<\/td>\n<td bgcolor=\"#f0f0f0\"><\/td>\n<\/tr>\n<\/tbody>\n<\/table>\n<\/td>\n<td>\n<table class=\"Pairings\" width=\"100%\">\n<colgroup>\n<col width=\"40%\" \/>\n<col width=\"5%\" \/>\n<col width=\"40%\" \/>\n<col width=\"15%\" \/><\/colgroup>\n<caption>Runde 4<\/caption>\n<tbody>\n<tr>\n<td align=\"left\">Spielfrei<\/td>\n<td align=\"center\">\u2013<\/td>\n<td align=\"left\">Schlenker, J\u00f6rg<\/td>\n<td bgcolor=\"#f0f0f0\"><\/td>\n<\/tr>\n<tr>\n<td align=\"left\">Kaesmacher, Viola<\/td>\n<td align=\"center\">\u2013<\/td>\n<td align=\"left\">M\u00fcller, Armin<\/td>\n<td bgcolor=\"#f0f0f0\"><\/td>\n<\/tr>\n<tr>\n<td align=\"left\">Feder, Edgar<\/td>\n<td align=\"center\">\u2013<\/td>\n<td align=\"left\">Richter, Klaus<\/td>\n<td bgcolor=\"#f0f0f0\"><\/td>\n<\/tr>\n<\/tbody>\n<\/table>\n<\/td>\n<\/tr>\n<tr>\n<td>\n<table class=\"Pairings\" width=\"100%\">\n<colgroup>\n<col width=\"40%\" \/>\n<col width=\"5%\" \/>\n<col width=\"40%\" \/>\n<col width=\"15%\" \/><\/colgroup>\n<caption>Runde 5<\/caption>\n<tbody>\n<tr>\n<td align=\"left\">Richter, Klaus<\/td>\n<td align=\"center\">\u2013<\/td>\n<td align=\"left\">Spielfrei<\/td>\n<td bgcolor=\"#f0f0f0\"><\/td>\n<\/tr>\n<tr>\n<td align=\"left\">M\u00fcller, Armin<\/td>\n<td align=\"center\">\u2013<\/td>\n<td align=\"left\">Feder, Edgar<\/td>\n<td bgcolor=\"#f0f0f0\"><\/td>\n<\/tr>\n<tr>\n<td align=\"left\">Schlenker, J\u00f6rg<\/td>\n<td align=\"center\">\u2013<\/td>\n<td align=\"left\">Kaesmacher, Viola<\/td>\n<td bgcolor=\"#f0f0f0\"><\/td>\n<\/tr>\n<\/tbody>\n<\/table>\n<\/td>\n<td><\/td>\n<\/tr>\n<\/tbody>\n<\/table>\n<p>Bei Austragung \u00fcber lichess:<br \/>\n\u00dcber Teams Donaueschingen ausw\u00e4hlen<br \/>\nIn der Liste der Teammitglieder den Gegner ausw\u00e4hlen.<br \/>\n\u00dcber die gekreuzten Schwerter herausfordern und Farbe sowie Bedenkzeit 90 Minuten + 30 Sekunden Inkrement ausw\u00e4hlen.<br \/>\nDas Inkrement ersetzt die 15 Minuten.<br \/>\nDie 40 Z\u00fcge Begrenzung wird nicht beachtet.<\/p>\n<\/div>\n","protected":false},"excerpt":{"rendered":"<p>Vereinsturnier 22\/23 23. Oktober 2022 Das kommende Vereinsturnier wird vollrundig gespieltDie Bedenkzeit betr\u00e4gt 90 Minuten\/ 40 Z\u00fcge und 15 Minuten f\u00fcr den Rest der Partie.Die Paarungen k\u00f6nnen\u00a0Freitag abends oder online \u00fcber lichess\u00a0falls eine Vereinbarung zustande kommt ausgetragen werden. Beginn im November Anmeldeschluss\u00a031.Oktober. Es gibt Preise f\u00fcr die ersten Drei, den besten Senior und den Erfolgreichsten der 2.H\u00e4lfte nach DWZ. Spieltermine spontan freitags oder nach Vereinbarung Vereinsturnier Donaueschingen 2022\/2023 Spieler 1 2 3 4 5 6 Punkte Platz 1 Kaesmacher, Viola 2 Feder, Edgar 3 Richter, Klaus 4 M\u00fcller, Armin 5 Schlenker, J\u00f6rg 6 Spielfrei &nbsp; Runde 1 Kaesmacher, Viola \u2013 Spielfrei Feder, Edgar \u2013 Schlenker, J\u00f6rg Richter, Klaus \u2013 M\u00fcller, Armin Runde 2 Spielfrei \u2013 M\u00fcller, Armin Schlenker, J\u00f6rg \u2013 Richter, Klaus Kaesmacher, Viola \u2013 Feder, Edgar Runde 3 Feder, Edgar \u2013 Spielfrei Richter, Klaus \u2013 Kaesmacher, Viola M\u00fcller, Armin \u2013 Schlenker, J\u00f6rg Runde 4 Spielfrei \u2013 Schlenker, J\u00f6rg Kaesmacher, Viola \u2013 M\u00fcller, Armin Feder, Edgar \u2013 Richter, Klaus Runde 5 Richter, Klaus \u2013 Spielfrei M\u00fcller, Armin \u2013 Feder, Edgar Schlenker, J\u00f6rg \u2013 Kaesmacher, Viola Bei Austragung \u00fcber lichess: \u00dcber Teams Donaueschingen ausw\u00e4hlen In der Liste der Teammitglieder den Gegner ausw\u00e4hlen. \u00dcber die gekreuzten Schwerter herausfordern und Farbe sowie Bedenkzeit 90 Minuten + 30 Sekunden Inkrement ausw\u00e4hlen. Das Inkrement ersetzt die 15 Minuten. Die 40 Z\u00fcge Begrenzung wird nicht beachtet.<\/p>\n","protected":false},"author":1,"featured_media":0,"parent":0,"menu_order":0,"comment_status":"closed","ping_status":"closed","template":"","meta":{"footnotes":""},"acf":[],"_links":{"self":[{"href":"https:\/\/scdonaueschingen.badischer-schachverband.de\/index.php?rest_route=\/wp\/v2\/pages\/3371"}],"collection":[{"href":"https:\/\/scdonaueschingen.badischer-schachverband.de\/index.php?rest_route=\/wp\/v2\/pages"}],"about":[{"href":"https:\/\/scdonaueschingen.badischer-schachverband.de\/index.php?rest_route=\/wp\/v2\/types\/page"}],"author":[{"embeddable":true,"href":"https:\/\/scdonaueschingen.badischer-schachverband.de\/index.php?rest_route=\/wp\/v2\/users\/1"}],"replies":[{"embeddable":true,"href":"https:\/\/scdonaueschingen.badischer-schachverband.de\/index.php?rest_route=%2Fwp%2Fv2%2Fcomments&post=3371"}],"version-history":[{"count":1,"href":"https:\/\/scdonaueschingen.badischer-schachverband.de\/index.php?rest_route=\/wp\/v2\/pages\/3371\/revisions"}],"predecessor-version":[{"id":3372,"href":"https:\/\/scdonaueschingen.badischer-schachverband.de\/index.php?rest_route=\/wp\/v2\/pages\/3371\/revisions\/3372"}],"wp:attachment":[{"href":"https:\/\/scdonaueschingen.badischer-schachverband.de\/index.php?rest_route=%2Fwp%2Fv2%2Fmedia&parent=3371"}],"curies":[{"name":"wp","href":"https:\/\/api.w.org\/{rel}","templated":true}]}}